{"id":598,"date":"2017-05-28T19:53:04","date_gmt":"2017-05-28T19:53:04","guid":{"rendered":"https:\/\/fichtenbaum.wordpress.com\/?page_id=598"},"modified":"2017-08-07T20:09:19","modified_gmt":"2017-08-07T20:09:19","slug":"contacto","status":"publish","type":"page","link":"https:\/\/marinafichtenbaum.com\/?page_id=598","title":{"rendered":"Contacto"},"content":{"rendered":"<p>Para m\u00e1s informaci\u00f3n sobre los trabajos de Marina Fichtenbaum, posibilidades de exposici\u00f3n y oportunidades de colaboraci\u00f3n en proyectos interdisciplinarios, puede ponerse en contacto por e-mail o tel\u00e9fono.<\/p>\n<p>E-Mail: <a href=\"mail@marinafichtenbaum.com\">mail[at]marinafichtenbaum.com<\/a><\/p>\n<p>M\u00f3vil: +34 660 186 539<\/p>\n<p>&nbsp;<\/p>\n","protected":false},"excerpt":{"rendered":"<p>Para m\u00e1s informaci\u00f3n sobre los trabajos de Marina Fichtenbaum, posibilidades de exposici\u00f3n y oportunidades de colaboraci\u00f3n en proyectos interdisciplinarios, puede ponerse en contacto por e-mail o tel\u00e9fono. E-Mail: mail[at]marinafichtenbaum.com M\u00f3vil: +34 660 186 539 &nbsp;<\/p>\n","protected":false},"author":1,"featured_media":0,"parent":0,"menu_order":0,"comment_status":"closed","ping_status":"closed","template":"template-full-width.php","meta":{"footnotes":""},"class_list":["post-598","page","type-page","status-publish","hentry","blog-top-layout","blog-style-postblock","","blog-alt-odd"],"_links":{"self":[{"href":"https:\/\/marinafichtenbaum.com\/index.php?rest_route=\/wp\/v2\/pages\/598","targetHints":{"allow":["GET"]}}],"collection":[{"href":"https:\/\/marinafichtenbaum.com\/index.php?rest_route=\/wp\/v2\/pages"}],"about":[{"href":"https:\/\/marinafichtenbaum.com\/index.php?rest_route=\/wp\/v2\/types\/page"}],"author":[{"embeddable":true,"href":"https:\/\/marinafichtenbaum.com\/index.php?rest_route=\/wp\/v2\/users\/1"}],"replies":[{"embeddable":true,"href":"https:\/\/marinafichtenbaum.com\/index.php?rest_route=%2Fwp%2Fv2%2Fcomments&post=598"}],"version-history":[{"count":4,"href":"https:\/\/marinafichtenbaum.com\/index.php?rest_route=\/wp\/v2\/pages\/598\/revisions"}],"predecessor-version":[{"id":1639,"href":"https:\/\/marinafichtenbaum.com\/index.php?rest_route=\/wp\/v2\/pages\/598\/revisions\/1639"}],"wp:attachment":[{"href":"https:\/\/marinafichtenbaum.com\/index.php?rest_route=%2Fwp%2Fv2%2Fmedia&parent=598"}],"curies":[{"name":"wp","href":"https:\/\/api.w.org\/{rel}","templated":true}]}}