{"id":12,"date":"2012-10-17T10:14:45","date_gmt":"2012-10-17T10:14:45","guid":{"rendered":"http:\/\/fichtenbaum.wordpress.com\/?page_id=12"},"modified":"2017-08-05T17:16:07","modified_gmt":"2017-08-05T17:16:07","slug":"curriculum","status":"publish","type":"page","link":"https:\/\/marinafichtenbaum.com\/?page_id=12","title":{"rendered":"La artista"},"content":{"rendered":"<div id=\"pl-12\"  class=\"panel-layout\" ><div id=\"pg-12-0\"  class=\"panel-grid panel-no-style\" ><div id=\"pgc-12-0-0\"  class=\"panel-grid-cell\" ><div id=\"panel-12-0-0-0\" class=\"so-panel widget widget_media_image panel-first-child panel-last-child\" data-index=\"0\" ><img loading=\"lazy\" decoding=\"async\" width=\"845\" height=\"564\" src=\"https:\/\/marinafichtenbaum.com\/wp-content\/uploads\/2016\/10\/marina-1024x683.jpg\" class=\"image wp-image-489  attachment-large size-large\" alt=\"\" style=\"max-width: 100%; height: auto;\" srcset=\"https:\/\/marinafichtenbaum.com\/wp-content\/uploads\/2016\/10\/marina-1024x683.jpg 1024w, https:\/\/marinafichtenbaum.com\/wp-content\/uploads\/2016\/10\/marina-300x200.jpg 300w, https:\/\/marinafichtenbaum.com\/wp-content\/uploads\/2016\/10\/marina-768x512.jpg 768w\" sizes=\"auto, (max-width: 845px) 100vw, 845px\" \/><\/div><\/div><div id=\"pgc-12-0-1\"  class=\"panel-grid-cell\" ><div id=\"panel-12-0-1-0\" class=\"so-panel widget widget_text panel-first-child panel-last-child\" data-index=\"1\" >\t\t\t<div class=\"textwidget\"><p>Marina Fichtenbaum nace el 9 de julio de 1959 en Buenos Aires, Argentina. Estudia en la Facultad de\u00a0Bellas Artes, Universidad Nacional de La Plata, Buenos Aires, Argentina. Profesora y Licenciada en\u00a0Artes, orientaci\u00f3n Escultura. En el a\u00f1o 1985 gana la Beca Premio \u201cAlberto Durero\u201d otorgada por el Fondo\u00a0Nacional de las Artes y la Rep\u00fablica Federal de Alemania. Inicia sus estudios de postgrado en la\u00a0Kunstakademie D\u00fcsseldorf con el Prof. Christian Megert en la C\u00e1tedra \u201cIntegraci\u00f3n Arte-Arquitectura\u201d.\u00a0Regresa a Argentina. Docente en las C\u00e1tedras de Visi\u00f3n III y Escultura de la Facultad de Bella Artes\u00a0Universidad de La Plata, de la Escuela Nacional de Bellas Artes y de la C\u00e1tedra de Morfolog\u00eda de la\u00a0Facultad de Arquitectura y Urbanismo, Universidad Nacional de Buenos Aires. En el a\u00f1o 1991 obtiene la\u00a0Beca del D.A.A.D. (Intercambio Acad\u00e9mico Alem\u00e1n) y regresa a la Kunstakademie D\u00fcsseldorf,\u00a0Alemania, donde desarrolla sus proyectos de arte y naturaleza en espacios p\u00fablicos. En el a\u00f1o 2005 se\u00a0traslada a Barcelona. Inicia el M\u00e1ster en \u201cEstudios Comparados en Arte, Literatura y Pensamiento\u201d, de la Universidad Pompeu Fabra, Barcelona. Desde el a\u00f1o 2010 es Profesora Asociada de dicha Universidad\u00a0en la C\u00e1tedra de Historia del Arte.<\/p>\n<\/div>\n\t\t<\/div><\/div><\/div><div id=\"pg-12-1\"  class=\"panel-grid panel-no-style\" ><div id=\"pgc-12-1-0\"  class=\"panel-grid-cell\" ><div id=\"panel-12-1-0-0\" class=\"so-panel widget widget_text panel-first-child panel-last-child\" data-index=\"2\" ><h3 class=\"widget-title\">Estudios Realizados<\/h3>\t\t\t<div class=\"textwidget\"><p><strong>2010-2011<br \/>\n<\/strong>Master de Investigaci\u00f3n. Tesis final: Arte, Naturaleza y Memoria. Los Parques de la Memoria en Argentina y Chile. Universidad Pompeu Fabra, Barcelona.<\/p>\n<p><strong>2008-2010<br \/>\n<\/strong>Master Acad\u00e9mico en Estudios Comparados de Arte, Literatura y Pensamiento,\u00a0Tesis final: Respirar la sombra. Giuseppe Penone: Arte y Naturaleza. Universidad Pompeu Fabra, Barcelona.<\/p>\n<p><strong>1991-1992<\/strong><br \/>\nBeca del D.A.A.D. (Intercambio Acad\u00e9mico Alem\u00e1n).<br \/>\nEstudios de posgrado en la Kunstakademie D\u00fcsseldorf, Alemania.<\/p>\n<p><strong>1985-1987<\/strong><br \/>\nEstudios de posgrado con el Prof. Christian Megert en la C\u00e1tedra \u201cIntegraci\u00f3n Arte-Arquitectura\u201d de la Kunstakademie D\u00fcsseldorf, Alemania.<\/p>\n<p><strong>1985<\/strong><br \/>\nBeca \u201cAlberto Durero\u201d otorgada por el Fondo Nacional de las Artes y la Rep\u00f9blica Federal de Alemania.<\/p>\n<p><strong>1984<\/strong><br \/>\nTrabajo de Tesis para la licenciatura. Tema: \u201cEspacio-Tiempo en las Artes y en la M\u00fasica\u201d.<br \/>\nLicenciada en Artes Pl\u00e1sticas.<\/p>\n<p><strong>1982<\/strong><br \/>\nProfesora Nacional de Artes Pl\u00e1sticas.<\/p>\n<p><strong>1978-1984<\/strong><br \/>\nEstudios de Artes Pl\u00e1sticas,orientaci\u00f3n escultura, Facultad de Bellas Artes. Universidad Nacional de La Plata, Buenos Aires, Argentina.<\/p>\n<\/div>\n\t\t<\/div><\/div><div id=\"pgc-12-1-1\"  class=\"panel-grid-cell\" ><div id=\"panel-12-1-1-0\" class=\"so-panel widget widget_text panel-first-child panel-last-child\" data-index=\"3\" ><h3 class=\"widget-title\">Premios<\/h3>\t\t\t<div class=\"textwidget\"><p><strong>2001<\/strong><br \/>\nPremio &#8222;HOLZ ART V&#8220;, Cronach, Alemania.<\/p>\n<p><strong>1996<\/strong><br \/>\nPremio GRUGA, Essen, Alemania.<\/p>\n<p><strong>1991<\/strong><br \/>\nBeca DAAD (Intercambio Acad\u00e9mico Alem\u00e1n), Alemania.<\/p>\n<p><strong>1989\u00a0\u00a0\u00a0\u00a0\u00a0\u00a0\u00a0\u00a0\u00a0\u00a0\u00a0\u00a0\u00a0\u00a0\u00a0\u00a0\u00a0\u00a0\u00a0\u00a0\u00a0<\/strong><br \/>\nBienal de Arte Joven, Buenos Aires, Argentina.<\/p>\n<p><strong>1987\u00a0\u00a0\u00a0\u00a0\u00a0\u00a0\u00a0\u00a0\u00a0\u00a0\u00a0\u00a0\u00a0\u00a0\u00a0\u00a0\u00a0<\/strong><br \/>\nBUGA \u00b487, Bundesgartenschau, Duesseldorf,\u00a0 Alemania.<\/p>\n<p><strong>1984<\/strong><br \/>\nPremio Beca &#8222;Alberto Durero&#8220;, Fondo Nacional de las Artes, DAAD y Embajada de Alemania, Buenos Aires, Argentina.<\/p>\n<p><strong>1983\u00a0\u00a0\u00a0\u00a0\u00a0\u00a0\u00a0\u00a0\u00a0\u00a0\u00a0\u00a0\u00a0\u00a0\u00a0\u00a0\u00a0\u00a0\u00a0\u00a0\u00a0<\/strong><br \/>\nBienal ARCHE, Museo Nacional de Bellas Artes, Buenos Aires, Argentina.<\/p>\n<p><strong>1982\u00a0\u00a0\u00a0\u00a0\u00a0\u00a0\u00a0\u00a0\u00a0\u00a0\u00a0\u00a0\u00a0\u00a0\u00a0\u00a0\u00a0\u00a0\u00a0\u00a0\u00a0<\/strong><br \/>\nPremio \u201cCinta de Plata\u201d, Ministerio de Cultura y Educaci\u00f3n, Buenos Aires, Argentina.<br \/>\nIII Premio Sal\u00f3n de Artes Pl\u00e1sticas, Museo Municipal de Bellas Artes, Argentina.<\/p>\n<p><strong>1981\u00a0\u00a0<\/strong><br \/>\nPremio \u201cFederico Lan\u00fas\u201d, Fondo Nacional de las Artes, Buenos Aires, Argentina.<\/p>\n<\/div>\n\t\t<\/div><\/div><\/div><div id=\"pg-12-2\"  class=\"panel-grid panel-no-style\" ><div id=\"pgc-12-2-0\"  class=\"panel-grid-cell\" ><div id=\"panel-12-2-0-0\" class=\"so-panel widget widget_text panel-first-child panel-last-child\" data-index=\"4\" ><h3 class=\"widget-title\">Participaci\u00f3n en Seminarios<\/h3>\t\t\t<div class=\"textwidget\"><p><strong>1991<\/strong><br \/>\n\u201cGrabado y Palabras\u201d, Prof. Mar\u00eda Buras, Kunstakademie D\u00fcsseldorf, Alemania.<\/p>\n<p><strong>1989<\/strong><br \/>\n\u201cJornadas Internacionales de la Cr\u00edtica de Arte\u201d, Bs. As., Argentina.<\/p>\n<p><strong>1988<\/strong><br \/>\n\u201cEl producto art\u00edstico y su estructura\u201d, Lic. Juan Acha, Escuela Nacional de Bellas Artes, Bs. As, Argentina.<\/p>\n<p><strong>1987<\/strong><br \/>\n\u201cInforme para un arte en espacios p\u00fablicos, di\u00e1logo con la ciudad como un todo\u201d, Prof. Kaspar K\u00f6ning, Kunstakademie D\u00fcsseldorf, Alemania.<\/p>\n<p><strong>1986<\/strong><br \/>\n\u201cR. Barthes: La c\u00e1mara l\u00facida. Fenomenolog\u00eda de la foto\u201d, Prof. Dr. Paul Good, Kunstakademie D\u00fcsseldorf, Alemania.<\/p>\n<p><strong>1985<\/strong><br \/>\n\u201cMitos y realidades del artista en la historia y en el presente\u201d, Prof. Dr. Hans Peter Thurn, Kunstakademie D\u00fcsseldorf, Alemania.<\/p>\n<p><strong>1984<\/strong><br \/>\n&#8222;Introducci\u00f3n al conocimiento del Arte Contempor\u00e1neo&#8220;, Prof. L\u00f3pez Anaya, Altos Estudios del Centro de Arte y Comunicaci\u00f3n (C.A.Y.C.), Bs. As., Argentina.<br \/>\n\u201cSaber leer la Arquitectura\u201d, Arquitecto Juan Bompadr\u00e9, Escuela de Altos Estudios del C.A.Y.C.<\/p>\n<p><strong>1983<\/strong><br \/>\n\u201cJornadas Internacionales de la Cr\u00edtica de Arte\u201d, Bs. As., Argentina.<\/p>\n<p><strong>1982<\/strong><br \/>\n\u201cArte Argentino Contempor\u00e1neo\u201d, Dr. Angel Nessi, Univ. Nac. La Plata, Argentina.<br \/>\n\u201cArte precolombino\u201d, Prof. N\u00e8stor Candi, Univ. Nac. La Plata, Argentina.<\/p>\n<\/div>\n\t\t<\/div><\/div><div id=\"pgc-12-2-1\"  class=\"panel-grid-cell\" ><div id=\"panel-12-2-1-0\" class=\"so-panel widget widget_text panel-first-child panel-last-child\" data-index=\"5\" ><h3 class=\"widget-title\">Activad Docente<\/h3>\t\t\t<div class=\"textwidget\"><p><strong>desde 2011<\/strong><br \/>\nProfesora Asociada en la C\u00e1tedra de Historia del Arte, Universidad Pompeu Fabra de Barcelona.<\/p>\n<p><strong>2010- 2011\u00a0<\/strong><br \/>\nProfesora Asociada en la C\u00e1tedra de Renacimiento y Barroco,\u00a0\u00a0Universidad Pompeu Fabra de Barcelona.<\/p>\n<p><strong>1998-2001<\/strong><br \/>\nDocente del curso \u201cRelaciones entre la Literatura y el Arte\u201d, Bildungswerk Bonn, Alemania.<\/p>\n<p><strong>1992-1998<\/strong><br \/>\nDocente de Arte, Bildungswerk K\u00f6ln, Alemania.<\/p>\n<p><strong>1988<\/strong><br \/>\nDocente de la C\u00e1tedra de Morfolog\u00eda de la Facultad de Arquitectura y Urbanismo, Universidad Nacional de Buenos Aires, Argentina.<\/p>\n<p><strong>1988-1990<\/strong><br \/>\nDocente del Profesorado de la Escuela Nacional de Bellas Artes, Bs. As., Argentina.<\/p>\n<p><strong>1987<\/strong><br \/>\nDocente del curso \u201cArte y t\u00e9cnica como parte de la cultura moderna\u201d, ASG Bildungsforum, D\u00fcsseldorf, Alemania.<\/p>\n<p><strong>1983-1985<\/strong><br \/>\nDocente en las C\u00e1tedras de Visi\u00f3n III y Escultura de la Facultad de Bellas Artes, UNLP, Bs. As., Argentina.<\/p>\n<p><strong>1983<\/strong><br \/>\nProfesora del Bachillerato de Bellas Artes de la Universidad Nacional de La Plata (UNLP), Bs. As., Argentina.<\/p>\n<\/div>\n\t\t<\/div><\/div><\/div><\/div>","protected":false},"excerpt":{"rendered":"<p>Marina Fichtenbaum nace el 9 de julio de 1959 en Buenos Aires, Argentina. Estudia en la Facultad de\u00a0Bellas Artes, Universidad Nacional de La Plata, Buenos Aires, Argentina. Profesora y Licenciada en\u00a0Artes, orientaci\u00f3n Escultura. En el a\u00f1o 1985 gana la Beca Premio \u201cAlberto Durero\u201d otorgada por el Fondo\u00a0Nacional de las Artes y la Rep\u00fablica Federal de [&hellip;]<\/p>\n","protected":false},"author":1,"featured_media":0,"parent":0,"menu_order":0,"comment_status":"closed","ping_status":"closed","template":"template-full-width.php","meta":{"footnotes":""},"class_list":["post-12","page","type-page","status-publish","hentry","blog-top-layout","blog-style-postblock","","blog-alt-odd"],"_links":{"self":[{"href":"https:\/\/marinafichtenbaum.com\/index.php?rest_route=\/wp\/v2\/pages\/12","targetHints":{"allow":["GET"]}}],"collection":[{"href":"https:\/\/marinafichtenbaum.com\/index.php?rest_route=\/wp\/v2\/pages"}],"about":[{"href":"https:\/\/marinafichtenbaum.com\/index.php?rest_route=\/wp\/v2\/types\/page"}],"author":[{"embeddable":true,"href":"https:\/\/marinafichtenbaum.com\/index.php?rest_route=\/wp\/v2\/users\/1"}],"replies":[{"embeddable":true,"href":"https:\/\/marinafichtenbaum.com\/index.php?rest_route=%2Fwp%2Fv2%2Fcomments&post=12"}],"version-history":[{"count":40,"href":"https:\/\/marinafichtenbaum.com\/index.php?rest_route=\/wp\/v2\/pages\/12\/revisions"}],"predecessor-version":[{"id":1347,"href":"https:\/\/marinafichtenbaum.com\/index.php?rest_route=\/wp\/v2\/pages\/12\/revisions\/1347"}],"wp:attachment":[{"href":"https:\/\/marinafichtenbaum.com\/index.php?rest_route=%2Fwp%2Fv2%2Fmedia&parent=12"}],"curies":[{"name":"wp","href":"https:\/\/api.w.org\/{rel}","templated":true}]}}